{"id":553,"date":"2020-08-14T13:27:11","date_gmt":"2020-08-14T13:27:11","guid":{"rendered":"https:\/\/startersites.io\/blocksy\/business\/?page_id=3"},"modified":"2026-04-26T10:39:34","modified_gmt":"2026-04-26T07:39:34","slug":"gizlilik-bildirimi","status":"publish","type":"page","link":"https:\/\/altinova.av.tr\/en\/gizlilik-bildirimi\/","title":{"rendered":"Privacy Notice"},"content":{"rendered":"<div class=\"wp-block-stackable-image-box stk-block-image-box stk-hover-parent stk-block stk-3156239\" data-block-id=\"3156239\"><style>.stk-3156239 {margin-bottom:0px !important;}<\/style><div class=\"stk-block-content stk-inner-blocks has-text-align-center stk-row stk-block-image-box__content\">\n<div class=\"wp-block-stackable-image stk-block-image stk-block stk-2eb9805\" data-block-id=\"2eb9805\"><style>.stk-2eb9805 {margin-bottom:40px !important;}.stk-2eb9805 .stk-img-wrapper{width:100% !important;height:485px !important;}.stk-2eb9805 .stk-img-wrapper::after{background-color:#0f0e17 !important;}@media screen and (max-width:689px){.stk-2eb9805 {margin-bottom:25px !important;}.stk-2eb9805 .stk-img-wrapper{height:271px !important;}}<\/style><figure><span class=\"stk-img-wrapper stk-image--shape-stretch\"><img loading=\"lazy\" decoding=\"async\" class=\"stk-img wp-image-1887\" src=\"https:\/\/altinova.av.tr\/wp-content\/uploads\/2026\/04\/sarah-penney-5dVg9ae7hKk-unsplash-scaled-e1776854514654.jpg\" width=\"1400\" height=\"1400\" alt=\"Gizlilik Bildirimi\" srcset=\"https:\/\/altinova.av.tr\/wp-content\/uploads\/2026\/04\/sarah-penney-5dVg9ae7hKk-unsplash-scaled-e1776854514654.jpg 1400w, https:\/\/altinova.av.tr\/wp-content\/uploads\/2026\/04\/sarah-penney-5dVg9ae7hKk-unsplash-scaled-e1776854514654-300x300.jpg 300w, https:\/\/altinova.av.tr\/wp-content\/uploads\/2026\/04\/sarah-penney-5dVg9ae7hKk-unsplash-scaled-e1776854514654-1024x1024.jpg 1024w, https:\/\/altinova.av.tr\/wp-content\/uploads\/2026\/04\/sarah-penney-5dVg9ae7hKk-unsplash-scaled-e1776854514654-150x150.jpg 150w, https:\/\/altinova.av.tr\/wp-content\/uploads\/2026\/04\/sarah-penney-5dVg9ae7hKk-unsplash-scaled-e1776854514654-768x768.jpg 768w\" sizes=\"auto, (max-width: 1400px) 100vw, 1400px\" \/><\/span><\/figure><\/div>\n\n\n\n<div class=\"wp-block-stackable-column stk-block-column stk-column stk-block stk-55987e5\" data-v=\"4\" data-block-id=\"55987e5\"><style>.stk-55987e5 {align-items:center !important;display:flex !important;}<\/style><div class=\"stk-column-wrapper stk-block-column__content stk-container stk-55987e5-container stk--no-background stk--no-padding\"><div class=\"stk-block-content stk-inner-blocks stk-55987e5-inner-blocks\">\n<div class=\"wp-block-stackable-heading stk-block-heading stk-block-heading--v2 stk-block stk-6271224\" id=\"gizlilik-bildirimi\" data-block-id=\"6271224\"><style>.stk-6271224 {margin-bottom:0px !important;}.stk-6271224 .stk-block-heading__text{font-size:var(--stk--preset--font-size--xx-large, 80px) !important;color:#FFFFFF !important;}@media screen and (max-width:999px){.stk-6271224 .stk-block-heading__text{font-size:var(--stk--preset--font-size--xx-large, 80px) !important;}}<\/style><h1 class=\"stk-block-heading__text has-text-color has-white-color\">G\u0130ZL\u0130L\u0130K B\u0130LD\u0130R\u0130M\u0130<\/h1><\/div>\n<\/div><\/div><\/div>\n<\/div><\/div>\n\n\n\n<div class=\"wp-block-rank-math-toc-block\" id=\"rank-math-toc\"><h2>Contents<\/h2><nav><ul><li class=\"\"><a href=\"#gizlilik-politikasina-genel-bakis\">Gizlilik Bildirimine Genel Bak\u0131\u015f\u00a0<\/a><\/li><li class=\"\"><a href=\"#kisisel-verilerin-toplanmasi\">Ki\u015fisel Verilerin Toplanmas\u0131<\/a><\/li><li class=\"\"><a href=\"#kisisel-verilerin-kullanilmasi\">Ki\u015fisel Verilerin Kullan\u0131lmas\u0131 \u00a0<\/a><\/li><li class=\"\"><a href=\"#kisisel-verilerin-paylasilmasi\">Ki\u015fisel Verilerin Payla\u015f\u0131lmas\u0131<\/a><\/li><li class=\"\"><a href=\"#bilgilendirme-mesajlari\">Bilgilendirme Mesajlar\u0131\u00a0<\/a><\/li><li class=\"\"><a href=\"#ilgili-kisi-haklari\">\u0130lgili Ki\u015fi Haklar\u0131<\/a><\/li><li class=\"\"><a href=\"#diger-hususlar\">Di\u011fer Hususlar<\/a><\/li><\/ul><\/nav><\/div>\n\n\n\n<p>Bu Gizlilik Bildirimi,\u00a0<a href=\"https:\/\/altinova.av.tr\/en\/iletisim\/\" data-type=\"page\" data-id=\"561\">6NOVA Law Firm<\/a>\u00a0taraf\u0131ndan a\u015fa\u011f\u0131da say\u0131lan ki\u015filer hakk\u0131nda <a href=\"https:\/\/www.kvkk.gov.tr\/Icerik\/2050\/Kisisel-Veriler\" target=\"_blank\" rel=\"noopener\">Ki\u015fisel Verileri<\/a> nas\u0131l toplad\u0131\u011f\u0131n\u0131, kulland\u0131\u011f\u0131n\u0131, ba\u015fkalar\u0131yla payla\u015ft\u0131\u011f\u0131n\u0131 ve ba\u015fka \u015fekilde nas\u0131l i\u015flendi\u011fini a\u00e7\u0131klamaktad\u0131r:<\/p>\n\n\n\n<ul class=\"wp-block-list\">\n<li>\u0130nternet sitemiz ile di\u011fer online hizmetlerimizi ziyaret eden ki\u015filer (her biri \u201cSite\u201d olarak an\u0131lm\u0131\u015ft\u0131r);<\/li>\n\n\n\n<li>M\u00fcvekkillerimizin ve\/veya potansiyel m\u00fcvekkillerimizin irtibat ki\u015fileri;<\/li>\n\n\n\n<li>\u0130\u015f ba\u015fvurusunda bulunan ya da irtibata ge\u00e7en ki\u015filer;<\/li>\n\n\n\n<li>6NOVA Avukatl\u0131k B\u00fcrosu\u2019na mal ve hizmet sa\u011flayan tedarik\u00e7iler;<\/li>\n\n\n\n<li>6NOVA Avukatl\u0131k B\u00fcrosu&nbsp;taraf\u0131ndan hakk\u0131nda Ki\u015fisel Veri elde edilen di\u011fer ki\u015filer.<\/li>\n<\/ul>\n\n\n\n<p>Bu Gizlilik Bildiriminde Ki\u015fisel Veriler,&nbsp;6NOVA Avukatl\u0131k B\u00fcrosu&nbsp;taraf\u0131ndan veri sorumlusu olarak i\u015flenen kimli\u011fi belirli veya belirlenebilir ger\u00e7ek ki\u015fiye ili\u015fkin her t\u00fcrl\u00fc bilgiyi ifade etmektedir.<\/p>\n\n\n\n<h4 class=\"wp-block-heading\" id=\"gizlilik-politikasina-genel-bakis\"><strong>Gizlilik Bildirimine Genel Bak\u0131\u015f\u00a0<\/strong><\/h4>\n\n\n\n<p>6NOVA Avukatl\u0131k B\u00fcrosu, i\u015fe al\u0131m s\u00fcre\u00e7leri, do\u011frudan m\u00fcvekkil m\u00fcdahalesinin bulunmad\u0131\u011f\u0131 hallerde sa\u011flad\u0131\u011f\u0131 hukuki hizmetler, fiziksel ve elektronik ortam g\u00fcvenli\u011fi ve g\u00f6nderdi\u011fi bilgilendirme metinleri bak\u0131m\u0131ndan, s\u0131n\u0131rl\u0131 hallerde veri sorumlusu olarak hareket etmektedir.<\/p>\n\n\n\n<p>Bu kapsamda&nbsp;6NOVA Avukatl\u0131k B\u00fcrosu&nbsp;olarak veri sorumlusu s\u0131fat\u0131yla size ait Ki\u015fisel Verileri i\u015fledi\u011fimiz \u00f6l\u00e7\u00fcde bu Gizlilik Bildiriminde yer alan bilgiler ge\u00e7erli olacakt\u0131r. M\u00fcvekkillerimizin talimat\u0131 ve\/veya talepleri do\u011frultusunda veri i\u015fleyen s\u0131fat\u0131yla ger\u00e7ekle\u015ftirdi\u011fimiz veri i\u015fleme faaliyetleri bu Gizlilik Bildiriminin kapsam\u0131 d\u0131\u015f\u0131ndad\u0131r. Bu faaliyetler konusunda gerekli bildirimler veri sorumlusu s\u0131fat\u0131yla hareket eden ilgili m\u00fcvekkillerimiz taraf\u0131ndan yerine getirilmektedir.<\/p>\n\n\n\n<h4 class=\"wp-block-heading\" id=\"kisisel-verilerin-toplanmasi\"><strong>Ki\u015fisel Verilerin Toplanmas\u0131<\/strong><\/h4>\n\n\n\n<p><strong>\u200b<\/strong>Sunucular\u0131m\u0131z ve elektronik cihazlar\u0131m\u0131z gibi otomatik y\u00f6ntemler ile evrak ar\u015fivlerimiz gibi otomatik olmayan ve fakat bir veri kay\u0131t sisteminin par\u00e7as\u0131 olan y\u00f6ntemlerle a\u015fa\u011f\u0131daki Ki\u015fisel Verilerinizi toplayabiliriz:<\/p>\n\n\n\n<p><em>Kimlik ve ileti\u015fim verileri (Temel veriler):&nbsp;<\/em>\u0130sim, telefon numaras\u0131, posta adresi, e-posta adresi ve ileti\u015fim bilgileri.<\/p>\n\n\n\n<p><em>\u00d6zel nitelikli ki\u015fisel veriler:&nbsp;<\/em>S\u0131n\u0131rl\u0131 hallerde, size verdi\u011fimiz belirli bir hizmet i\u00e7in gerekli ya da yasal y\u00fck\u00fcml\u00fcl\u00fcklerimizi yerine getirmek i\u00e7in zorunlu oldu\u011fu \u00f6l\u00e7\u00fcde, yaln\u0131zca taraf\u0131n\u0131zca sa\u011flanmas\u0131 kayd\u0131yla, y\u00fcr\u00fcrl\u00fckteki mevzuat kapsam\u0131nda \u00f6zel nitelikli ki\u015fisel veri olarak tan\u0131mlanabilen bilgiler.<\/p>\n\n\n\n<p><em>Kay\u0131t verileri:&nbsp;<\/em>Haber b\u00fclteni talepleri, etkinlik, konferans, webinar ve seminer kay\u0131tlar\u0131.<\/p>\n\n\n\n<p><em>M\u00fcvekkil hizmet verileri:&nbsp;<\/em>M\u00fcvekkillerden m\u00fc\u015fterileri, \u00e7al\u0131\u015fanlar\u0131 veya m\u00fcvekkil taraf\u0131ndan bilinen ki\u015filerle ilgili olarak elde edilen Ki\u015fisel Veriler, fatura detaylar\u0131, \u00f6deme ge\u00e7mi\u015fi ve m\u00fcvekkil geri bildirimleri.<\/p>\n\n\n\n<p><em>Bilgilendirme verileri:&nbsp;<\/em>Etkinliklere, konferanslara, webinarlara ve seminerlere bireysel kat\u0131l\u0131ma ili\u015fkin bilgiler.<\/p>\n\n\n\n<p><em>Uyumluluk verileri:&nbsp;<\/em>Bize sa\u011flad\u0131\u011f\u0131n\u0131z n\u00fcfus c\u00fczdan\u0131, pasaportlar veya di\u011fer kimlik belgeleri, do\u011fum tarihleri.<\/p>\n\n\n\n<p><em>\u0130\u015f adaylar\u0131na ili\u015fkin veriler:&nbsp;<\/em>\u0130\u015f adaylar\u0131 veya i\u015f f\u0131rsatlar\u0131na ili\u015fkin olarak Sitemiz veya di\u011fer yollarla sa\u011flanan ve ayr\u0131 bir&nbsp;<a>bildirime<\/a>&nbsp;tabi olabilecek veriler.<\/p>\n\n\n\n<p><em>Cihaz verileri:&nbsp;<\/em>Bilgisayar \u0130nternet Protokol\u00fc (IP) adresi, tek cihaz tan\u0131mlay\u0131c\u0131s\u0131 (UDID), bir cihaza ba\u011fl\u0131 di\u011fer veriler ile Site\u2019nin kullan\u0131m\u0131 hakk\u0131nda di\u011fer veriler.<\/p>\n\n\n\n<p>Ki\u015fisel Verilerinizi do\u011frudan sizden, m\u00fcvekkillerimizden, tedarik\u00e7ilerimizden, resmi kurumlardan ve kamuya a\u00e7\u0131k kaynaklar olmak \u00fczere \u00e7e\u015fitli kaynaklardan toplayabiliyoruz.<\/p>\n\n\n\n<h4 class=\"wp-block-heading\" id=\"kisisel-verilerin-kullanilmasi\"><strong>Ki\u015fisel Verilerin Kullan\u0131lmas\u0131 &nbsp;<\/strong><\/h4>\n\n\n\n<p>Ki\u015fisel Verilerinizi a\u015fa\u011f\u0131da say\u0131lan ama\u00e7lar do\u011frultusunda ilgili hukuki sebeplere dayanarak topluyor ve i\u015fliyoruz:<\/p>\n\n\n\n<ul class=\"wp-block-list\">\n<li>Hukuki dan\u0131\u015fmanl\u0131k hizmeti sunmak i\u00e7in temel verileri, kay\u0131t verilerini, m\u00fcvekkil hizmet verilerini ve cihaz verilerini kullan\u0131yoruz. S\u00f6z konusu veriler, m\u00fcvekkillerimiz ile olan s\u00f6zle\u015fmelerimiz kapsam\u0131ndaki y\u00fck\u00fcml\u00fcl\u00fcklerimizi yerine getirebilmemiz ve ilgili ki\u015finin temel hak ve \u00f6zg\u00fcrl\u00fcklerine zarar vermemek kayd\u0131yla, me\u015fru menfaatlerimiz i\u00e7in veri i\u015flenmesinin zorunlu olmas\u0131, bir s\u00f6zle\u015fmenin kurulmas\u0131 veya ifas\u0131yla do\u011frudan do\u011fruya ilgili olmas\u0131 kayd\u0131yla, s\u00f6zle\u015fmenin taraflar\u0131na ait ki\u015fisel verilerin i\u015flenmesinin gerekli olmas\u0131 ve ilgili ki\u015finin kendisi taraf\u0131ndan alenile\u015ftirilmi\u015f olmas\u0131 nedeniyle i\u015flenmektedir.<\/li>\n\n\n\n<li>\u0130\u015f faaliyetlerimizi y\u00fcr\u00fctmek ve m\u00fcvekkil ili\u015fkilerimizi y\u00f6netmek i\u00e7in temel verileri, kay\u0131t verilerini, m\u00fcvekkil hizmet verilerini, uyumluluk verilerini ve cihaz verilerini kullan\u0131yoruz. S\u00f6z konusu veriler, m\u00fcvekkillerimiz ve tedarik\u00e7ilerimizle olan s\u00f6zle\u015fmelerimiz kapsam\u0131ndaki y\u00fck\u00fcml\u00fcl\u00fcklerimizi yerine getirebilmemiz ve ilgili ki\u015finin temel hak ve \u00f6zg\u00fcrl\u00fcklerine zarar vermemek kayd\u0131yla, me\u015fru menfaatlerimiz i\u00e7in veri i\u015flenmesinin zorunlu olmas\u0131, bir s\u00f6zle\u015fmenin kurulmas\u0131 veya ifas\u0131yla do\u011frudan do\u011fruya ilgili olmas\u0131 kayd\u0131yla, s\u00f6zle\u015fmenin taraflar\u0131na ait ki\u015fisel verilerin i\u015flenmesinin gerekli olmas\u0131 ve ilgili ki\u015finin kendisi taraf\u0131ndan alenile\u015ftirilmi\u015f olmas\u0131 nedeniyle i\u015flenmektedir.<\/li>\n\n\n\n<li>Sitelerimizi daha kullan\u0131\u015fl\u0131 hale getirmek i\u00e7in cihaz verilerini kullan\u0131yoruz. Temel hak ve \u00f6zg\u00fcrl\u00fcklerinize zarar vermemek kayd\u0131yla me\u015fru menfaatlerimiz i\u00e7in veri i\u015flenmesinin zorunlu oldu\u011fu hallerde, Sitemizdeki mevcut d\u00fczeni ve bilgileri geli\u015ftirmemize yard\u0131mc\u0131 olmak ve Site kullan\u0131c\u0131lar\u0131m\u0131za daha iyi bir hizmet sunmak i\u00e7in Sitemizin nas\u0131l kullan\u0131ld\u0131\u011f\u0131n\u0131 izliyoruz.<\/li>\n\n\n\n<li>Sitelerimizin ve bilgi teknolojisi sistemlerimizin g\u00fcvenli\u011fini ve etkin \u00e7al\u0131\u015fmas\u0131n\u0131 sa\u011flamak i\u00e7in temel verileri, kay\u0131t verilerini, i\u015flem verilerini ve cihaz verilerini kullan\u0131yoruz. Tabi oldu\u011fumuz hukuki y\u00fck\u00fcml\u00fcl\u00fcklere uymak i\u00e7in zorunlu olmas\u0131 ve temel hak ve \u00f6zg\u00fcrl\u00fcklerinize zarar vermemek kayd\u0131yla me\u015fru menfaatlerimiz i\u00e7in veri i\u015flenmesinin zorunlu oldu\u011fu hallerde, Sitelerimizde doland\u0131r\u0131c\u0131l\u0131k, di\u011fer su\u00e7lar ve k\u00f6t\u00fcye kullan\u0131m\u0131n tespit edilmesi ve bunlar\u0131n \u00f6nlenmesi i\u00e7in Sitelerimiziz nas\u0131l kullan\u0131ld\u0131\u011f\u0131n\u0131 izliyoruz. Bu i\u015fleme faaliyeti arac\u0131l\u0131\u011f\u0131yla Sitelerimizi g\u00fcvenle kullanabilmenizi sa\u011fl\u0131yoruz.<\/li>\n\n\n\n<li>Bilgilendirme hizmetleri sa\u011flamak amac\u0131yla; sizi etkinliklerimiz, konferanslar\u0131m\u0131z, webinarlar\u0131m\u0131z, seminerlerimiz, hukuk b\u00fcltenlerimiz ve hukuki geli\u015fmeler hakk\u0131nda bilgilendirmek amac\u0131yla, temel verileri ve kay\u0131t verilerini kullan\u0131yoruz. Gerekmesi halinde a\u00e7\u0131k r\u0131zan\u0131za istinaden veya temel hak ve \u00f6zg\u00fcrl\u00fcklerinize zarar vermemek kayd\u0131yla me\u015fru menfaatlerimiz i\u00e7in veri i\u015flenmesinin zorunlu oldu\u011fu hallerde size, \u00f6zel ve ilgili bilgilendirme, g\u00fcncellemeler ve davetler sunmak i\u00e7in bu verileri i\u015fliyoruz.<\/li>\n\n\n\n<li>Uyumlulu\u011fu sa\u011flamak ve hukuki y\u00fck\u00fcml\u00fcl\u00fcklerimizi yerine getirebilmek i\u00e7in, yeni m\u00fcvekkillerin kimliklerini kontrol etmek ve kara para aklama ve\/veya sahtecili\u011fi \u00f6nlemek gibi ama\u00e7lar kapsam\u0131nda temel verileri, kay\u0131t verilerini, i\u015flem verilerini ve cihaz verilerini kullan\u0131yoruz. S\u00f6z konusu verileri, tabi oldu\u011fumuz hukuki y\u00fck\u00fcml\u00fcl\u00fcklere uymak i\u00e7in zorunlu olmas\u0131, kanunlarda a\u00e7\u0131k\u00e7a \u00f6ng\u00f6r\u00fclmesi ve temel hak ve \u00f6zg\u00fcrl\u00fcklerinize zarar vermemek kayd\u0131yla me\u015fru menfaatlerimiz i\u00e7in veri i\u015flenmesinin zorunlu oldu\u011fu hallerde i\u015fliyoruz.<\/li>\n\n\n\n<li>\u0130\u015fe al\u0131m ve hizmet sa\u011flay\u0131c\u0131 y\u00f6netimini sa\u011flamak ve geli\u015fim s\u00fcre\u00e7lerini y\u00f6netmek i\u00e7in i\u015f adaylar\u0131na ili\u015fkin verileri ve uyumluluk verilerini kullan\u0131yoruz. S\u00f6z konusu veriler, i\u015fe al\u0131m ve geli\u015fim s\u00fcre\u00e7lerinin y\u00f6netimi ile tabi oldu\u011fumuz hukuki y\u00fck\u00fcml\u00fcl\u00fcklere uymak amac\u0131yla i\u015flenmektedir. Bu ama\u00e7larla s\u00f6z konusu veriler ilgili ki\u015finin kendisi taraf\u0131ndan alenile\u015ftirilmi\u015f olmas\u0131 halinde, tabi oldu\u011fumuz hukuki y\u00fck\u00fcml\u00fcl\u00fckleri yerine getirmek ve temel hak ve \u00f6zg\u00fcrl\u00fcklerinize zarar vermemek kayd\u0131yla me\u015fru menfaatlerimiz i\u00e7in veri i\u015flenmesinin zorunlu oldu\u011fu hallerde i\u015flenmektedir.<\/li>\n<\/ul>\n\n\n\n<h4 class=\"wp-block-heading\" id=\"kisisel-verilerin-paylasilmasi\"><strong>Ki\u015fisel Verilerin Payla\u015f\u0131lmas\u0131<\/strong><\/h4>\n\n\n\n<p>Ki\u015fisel Verileri, a\u015fa\u011f\u0131daki al\u0131c\u0131 kategorileriyle payla\u015fabiliriz:<\/p>\n\n\n\n<ul class=\"wp-block-list\">\n<li><em>\u0130\u015f Ortaklar\u0131:&nbsp;<\/em>6NOVA Avukatl\u0131k B\u00fcrosu, d\u00fcnya \u00e7ap\u0131nda faaliyet g\u00f6steren hukuk ofisleri ve i\u015f ortaklar\u0131 ile i\u015fbirli\u011fi i\u00e7inde \u00e7al\u0131\u015fabilmektedir. Size en iyi \u015fekilde dan\u0131\u015fmanl\u0131k hizmetleri sunabilmek ve sizinle olan ili\u015fkimizi y\u00f6netmek i\u00e7in veya yukar\u0131da a\u00e7\u0131klanan ama\u00e7lar do\u011frultusunda gerekli oldu\u011fu \u00f6l\u00e7\u00fcde Ki\u015fisel Verileri yurt d\u0131\u015f\u0131nda bulunan i\u015f ortaklar\u0131m\u0131zla, bu y\u00f6nde bir talebiniz ya da a\u00e7\u0131k r\u0131zan\u0131z olmas\u0131 halinde, payla\u015fabilmekteyiz.<\/li>\n\n\n\n<li><em>Tedarik\u00e7iler ve hizmet sa\u011flay\u0131c\u0131lar:&nbsp;<\/em>Hizmet ald\u0131\u011f\u0131m\u0131z tedarik\u00e7iler ve hizmet sa\u011flay\u0131c\u0131lar\u0131n yukar\u0131da belirtilen ama\u00e7lar\u0131n yerine getirilmesine y\u00f6nelik olarak bizim ad\u0131m\u0131za ve talimatlar\u0131m\u0131z do\u011frultusunda faaliyet g\u00f6stermelerini sa\u011flamak i\u00e7in Ki\u015fisel Verileri tedarik\u00e7iler ve hizmet sa\u011flay\u0131c\u0131lar\u0131 ile payla\u015f\u0131yoruz.&nbsp;S\u00f6z konusu ki\u015filer, imzalad\u0131\u011f\u0131m\u0131z s\u00f6zle\u015fme h\u00fck\u00fcmleri kapsam\u0131nda, Ki\u015fisel Veriler i\u00e7in uygun d\u00fczeyde g\u00fcvenlik sa\u011flamakla ve bu t\u00fcr Ki\u015fisel Verileri yaln\u0131zca bizim ad\u0131m\u0131za kullanmak ve i\u015flemekle y\u00fck\u00fcml\u00fc k\u0131l\u0131nmaktad\u0131r.<\/li>\n\n\n\n<li><em>Finansal kurulu\u015flar:&nbsp;<\/em>Ki\u015fisel Verileri faturalama ve \u00f6deme i\u015flemlerinin y\u00fcr\u00fct\u00fclmesi amac\u0131yla finansal kurulu\u015flarla payla\u015f\u0131yoruz.<\/li>\n\n\n\n<li><em>Al\u0131c\u0131 \u015firketler:&nbsp;<\/em>6NOVA Avukatl\u0131k B\u00fcrosu&#8217;nun herhangi bir birle\u015fme, devralma, varl\u0131k devri, hizmetlerin ba\u015fka bir sa\u011flay\u0131c\u0131ya devri gibi i\u015flemlere tabi olmas\u0131 ya da \u00f6deme aczine d\u00fc\u015fmesi, iflas veya tasfiye s\u00fcre\u00e7lerine tabi olmas\u0131 durumunda, Ki\u015fisel Verileri ilgili mevzuat\u0131n izin verdi\u011fi \u00f6l\u00e7\u00fcde herhangi bir al\u0131c\u0131 \u015firket veya potansiyel al\u0131c\u0131 ile payla\u015fabiliriz.<\/li>\n\n\n\n<li><em>Zorunlu a\u00e7\u0131klamalar ve yasal hak talepleri:&nbsp;<\/em>D\u00fczenleyici kurumlar\u0131n veya kamu otoritelerinin talepleri veya yasal olarak uygulanabilir herhangi bir talebe ya da herhangi bir mahkeme celbi, mahkeme karar\u0131 veya ba\u015fka t\u00fcrl\u00fc yasal talebe uymak amac\u0131yla Ki\u015fisel Verileri payla\u015f\u0131yoruz. Ayr\u0131ca, yasal haklar\u0131m\u0131z\u0131, m\u00fclkiyet hakk\u0131m\u0131z\u0131 ve g\u00fcvenli\u011fimizi veya&nbsp;6NOVA Avukatl\u0131k B\u00fcrosu&#8217;nun veya di\u011fer ki\u015filerin menfaatlerini ya da ba\u015fkalar\u0131n\u0131n haklar\u0131n\u0131, m\u00fclkiyet haklar\u0131n\u0131 ve g\u00fcvenli\u011fini sa\u011flamak veya korumak ya da yasal taleplere kar\u015f\u0131 savunmak i\u00e7in Ki\u015fisel Verileri payla\u015f\u0131yoruz. Ki\u015fisel Verileri, i\u015fin bir k\u0131sm\u0131n\u0131n ya da tamam\u0131n\u0131n sat\u0131\u015f\u0131 veya devrine ili\u015fkin olarak ihtiya\u00e7 duyulmas\u0131 veya uygulanan hukuki veya idari gereklilikler ya da mahkeme emri ile zorunlu k\u0131l\u0131nmas\u0131 halinde h\u00fck\u00fcmet yetkilileri ve di\u011fer ki\u015filer ile payla\u015fabiliriz. Bunun yan\u0131nda, elektronik ortamdaki yaz\u0131\u015fmalar i\u00e7in kullanmakta oldu\u011fumuz sunucular yurt d\u0131\u015f\u0131nda bulunmaktad\u0131r. Bize internet sitesi \u00fczerinden veya do\u011frudan eposta arac\u0131l\u0131\u011f\u0131 ile ula\u015ft\u0131\u011f\u0131n\u0131z ve ki\u015fisel veri sa\u011flad\u0131\u011f\u0131n\u0131z hallerde, ki\u015fisel verilerinizi yurt d\u0131\u015f\u0131na iletmi\u015f olursunuz.&nbsp;<\/li>\n<\/ul>\n\n\n\n<p>Ki\u015fisel Verileri payla\u015ft\u0131\u011f\u0131m\u0131z ki\u015filer hakk\u0131nda bir sorunuz olmas\u0131 halinde, l\u00fctfen bizimle ileti\u015fime ge\u00e7in.<\/p>\n\n\n\n<h4 class=\"wp-block-heading\" id=\"bilgilendirme-mesajlari\"><strong>Bilgilendirme Mesajlar\u0131&nbsp;<\/strong><\/h4>\n\n\n\n<p>Size bilgilendirme mesajlar\u0131 g\u00f6nderme amac\u0131yla Ki\u015fisel Verilerinizi i\u015fledi\u011fimiz hallerde s\u00f6z konusu i\u015fleme faaliyetine ili\u015fkin kontrol hakk\u0131n\u0131z bulunmaktad\u0131r. S\u00f6z konusu bilgilendirme mesajlar\u0131nda, mesajdaki e-posta adresinden ya da a\u015fa\u011f\u0131da belirtildi\u011fi \u015fekilde bize ula\u015farak diledi\u011finiz zaman bu t\u00fcr mesajlar\u0131 almamay\u0131 tercih edebilirsiniz.<\/p>\n\n\n\n<h4 class=\"wp-block-heading\" id=\"ilgili-kisi-haklari\"><strong>\u0130lgili Ki\u015fi Haklar\u0131<\/strong><\/h4>\n\n\n\n<p><strong>\u200b<\/strong>Ki\u015fisel Verilerinizin i\u015flenmesine ili\u015fkin olarak 6698 say\u0131l\u0131 Ki\u015fisel Verilerin Korunmas\u0131 Kanunu uyar\u0131nca a\u015fa\u011f\u0131daki haklara sahipsiniz:<\/p>\n\n\n\n<ul class=\"wp-block-list\">\n<li>Herhangi bir ki\u015fisel verinizin i\u015flenip i\u015flenmedi\u011fini \u00f6\u011frenme;<\/li>\n\n\n\n<li>Ki\u015fisel verilerinizin i\u015flenme faaliyetlerine ili\u015fkin olarak bilgi talep etme;<\/li>\n\n\n\n<li>Ki\u015fisel verilerinizin i\u015flenme ama\u00e7lar\u0131n\u0131 ve bunlar\u0131n amac\u0131na uygun kullan\u0131l\u0131p kullan\u0131lmad\u0131\u011f\u0131n\u0131 \u00f6\u011frenme;<\/li>\n\n\n\n<li>Ki\u015fisel verilerin yurt i\u00e7inde veya yurt d\u0131\u015f\u0131nda \u00fc\u00e7\u00fcnc\u00fc ki\u015filere aktar\u0131lm\u0131\u015f olmas\u0131 durumunda bu ki\u015fileri \u00f6\u011frenme;<\/li>\n\n\n\n<li>Ki\u015fisel verilerin eksik veya yanl\u0131\u015f i\u015flenmi\u015f olmas\u0131 h\u00e2linde bunlar\u0131n d\u00fczeltilmesini isteme;<\/li>\n\n\n\n<li>\u0130\u015fleme sebeplerin ortadan kalkmas\u0131 halinde, ki\u015fisel verilerin silinmesini veya yok edilmesini isteme;<\/li>\n\n\n\n<li>D\u00fczeltme, silme veya yok edilme i\u015flemlerinin ki\u015fisel verilerin aktar\u0131ld\u0131\u011f\u0131 \u00fc\u00e7\u00fcnc\u00fc ki\u015filere bildirilmesini isteme;<\/li>\n\n\n\n<li>Ki\u015fisel verilerin otomatik sistemler vas\u0131tas\u0131yla i\u015flenmesi sonucu ortaya \u00e7\u0131kabilecek aleyhte sonu\u00e7lara itiraz etme ve<\/li>\n\n\n\n<li>Ki\u015fisel verilerinizin kanuna ayk\u0131r\u0131 bir \u015fekilde i\u015flenmesi sebebiyle zarara u\u011framan\u0131z halinde bu zarar\u0131n tazmin edilmesini isteme.<\/li>\n<\/ul>\n\n\n\n<h4 class=\"wp-block-heading\" id=\"diger-hususlar\"><strong>Di\u011fer Hususlar<\/strong><\/h4>\n\n\n\n<p>Bu Gizlilik Bildiriminde belirtilen gizlilik uygulamalar\u0131 sadece internet sitemiz i\u00e7in uygulanmaktad\u0131r. Bu internet sitesi ba\u015fka sitelere ba\u011flant\u0131lar i\u00e7erebilir.\u00a06NOVA Avukatl\u0131k B\u00fcrosu, ba\u015fka sitelerin gizlilik uygulamalar\u0131 ya da i\u00e7erikleri konusunda herhangi bir sorumluluk ta\u015f\u0131mamaktad\u0131r. E\u011fer ba\u015fka bir siteye ba\u011fland\u0131ysan\u0131z veya herhangi bir yolla ziyaret ettiyseniz, s\u00f6z konusu sitede yer alan gizlilik bildirimlerini inceleyiniz.<\/p>\n\n\n\n<p>6NOVA Avukatl\u0131k B\u00fcrosu, zaman i\u00e7inde bu Gizlilik Bildirimi \u00fczerinde de\u011fi\u015fiklik yapma hakk\u0131n\u0131 sakl\u0131 tutmaktad\u0131r. Gizlilik Bildirimini s\u0131kl\u0131kla ve \u00f6zellikle internet sitesi \u00fczerinden ki\u015fisel veri sa\u011flamadan \u00f6nce tekrar g\u00f6zden ge\u00e7irin. Gizlilik Bildiriminde yap\u0131lan her t\u00fcrl\u00fc de\u011fi\u015fiklik internet sitesinin ana sayfas\u0131ndan bir link ile ula\u015fabilece\u011finiz \u015fekilde ilan edilecektir. Gizlilik Bildiriminin y\u00fcr\u00fcrl\u00fck tarihini ayr\u0131ca bu sayfan\u0131n sonunda belirtmekteyiz. \u0130\u015fbu Gizlilik Bildirimi ve uygulamalar\u0131na ili\u015fkin sorular\u0131n\u0131z i\u00e7in bize <a href=\"https:\/\/altinova.av.tr\/en\/iletisim\/\" data-type=\"page\" data-id=\"561\">ula\u015fabilirsiniz.<\/a><\/p>\n\n\n\n<p><em>Y\u00fcr\u00fcrl\u00fck Y\u0131l\u0131: 2025<\/em><\/p>\n\n\n\n<p><em>Son G\u00fcncellenme Y\u0131l\u0131: 202<\/em>6<\/p>","protected":false},"excerpt":{"rendered":"<p>G\u0130ZL\u0130L\u0130K B\u0130LD\u0130R\u0130M\u0130 Bu Gizlilik Bildirimi,\u00a06NOVA Avukatl\u0131k B\u00fcrosu\u00a0taraf\u0131ndan a\u015fa\u011f\u0131da say\u0131lan ki\u015filer hakk\u0131nda Ki\u015fisel Verileri nas\u0131l toplad\u0131\u011f\u0131n\u0131, kulland\u0131\u011f\u0131n\u0131, ba\u015fkalar\u0131yla payla\u015ft\u0131\u011f\u0131n\u0131 ve ba\u015fka \u015fekilde nas\u0131l i\u015flendi\u011fini a\u00e7\u0131klamaktad\u0131r: Bu Gizlilik Bildiriminde Ki\u015fisel Veriler,&nbsp;6NOVA Avukatl\u0131k B\u00fcrosu&nbsp;taraf\u0131ndan veri sorumlusu olarak i\u015flenen kimli\u011fi belirli veya belirlenebilir ger\u00e7ek ki\u015fiye ili\u015fkin her t\u00fcrl\u00fc bilgiyi ifade etmektedir. Gizlilik Bildirimine Genel Bak\u0131\u015f\u00a0 6NOVA Avukatl\u0131k B\u00fcrosu, i\u015fe [&hellip;]<\/p>\n","protected":false},"author":1,"featured_media":0,"parent":0,"menu_order":0,"comment_status":"closed","ping_status":"closed","template":"","meta":{"footnotes":""},"class_list":["post-553","page","type-page","status-publish","hentry"],"blocksy_meta":{"styles_descriptor":{"styles":{"desktop":"","tablet":"","mobile":""},"google_fonts":[],"version":6}},"_links":{"self":[{"href":"https:\/\/altinova.av.tr\/en\/wp-json\/wp\/v2\/pages\/553","targetHints":{"allow":["GET"]}}],"collection":[{"href":"https:\/\/altinova.av.tr\/en\/wp-json\/wp\/v2\/pages"}],"about":[{"href":"https:\/\/altinova.av.tr\/en\/wp-json\/wp\/v2\/types\/page"}],"author":[{"embeddable":true,"href":"https:\/\/altinova.av.tr\/en\/wp-json\/wp\/v2\/users\/1"}],"replies":[{"embeddable":true,"href":"https:\/\/altinova.av.tr\/en\/wp-json\/wp\/v2\/comments?post=553"}],"version-history":[{"count":19,"href":"https:\/\/altinova.av.tr\/en\/wp-json\/wp\/v2\/pages\/553\/revisions"}],"predecessor-version":[{"id":2184,"href":"https:\/\/altinova.av.tr\/en\/wp-json\/wp\/v2\/pages\/553\/revisions\/2184"}],"wp:attachment":[{"href":"https:\/\/altinova.av.tr\/en\/wp-json\/wp\/v2\/media?parent=553"}],"curies":[{"name":"wp","href":"https:\/\/api.w.org\/{rel}","templated":true}]}}