{"id":2976,"date":"2026-05-07T16:52:52","date_gmt":"2026-05-07T13:52:52","guid":{"rendered":"https:\/\/altinova.av.tr\/?page_id=2976"},"modified":"2026-05-07T16:55:50","modified_gmt":"2026-05-07T13:55:50","slug":"yasal-uyari","status":"publish","type":"page","link":"https:\/\/altinova.av.tr\/en\/yasal-uyari\/","title":{"rendered":"Legal Disclaimer"},"content":{"rendered":"<div class=\"wp-block-stackable-columns alignfull stk-block-columns stk-block stk-51b2b12 stk-block-background stk--has-background-overlay\" data-block-id=\"51b2b12\"><style>.stk-51b2b12 {background-color:#0f0e17 !important;background-image:url(https:\/\/altinova.av.tr\/wp-content\/uploads\/2026\/04\/ryoji-iwata-IBaVuZsJJTo-unsplash-scaled.jpg) !important;background-position:bottom center !important;background-repeat:no-repeat !important;background-size:cover !important;padding-top:150px !important;padding-bottom:50px !important;padding-left:80px !important;margin-bottom:0px !important;}.stk-51b2b12:before{background-color:#0f0e17 !important;opacity:0.6 !important;}.stk-51b2b12-column{--stk-column-gap:35px !important;row-gap:35px !important;}@media screen and (max-width:999px){.stk-51b2b12 {padding-top:250px !important;padding-bottom:150px !important;}}@media screen and (max-width:689px){.stk-51b2b12 {padding-top:100px !important;padding-bottom:0px !important;padding-left:20px !important;}}<\/style><div class=\"stk-row stk-inner-blocks has-text-align-left-mobile stk-block-content stk-content-align stk-51b2b12-column\">\n<div class=\"wp-block-stackable-column stk-block-column stk-column stk-block stk-3a43e6b\" data-v=\"4\" data-block-id=\"3a43e6b\"><style>.stk-3a43e6b-container{margin-top:0px !important;margin-right:0px !important;margin-bottom:0px !important;margin-left:0px !important;}@media screen and (min-width:690px){.stk-3a43e6b {flex:var(--stk-flex-grow, 1) 1 calc(50% - var(--stk-column-gap, 0px) * 1 \/ 2 ) !important;}}@media screen and (min-width:690px) and (max-width:999px){.stk-3a43e6b {flex:var(--stk-flex-grow, 1) 1 calc(55% - var(--stk-column-gap, 0px) * 1 \/ 2 ) !important;}}<\/style><div class=\"stk-column-wrapper stk-block-column__content stk-container stk-3a43e6b-container stk--no-background stk--no-padding\"><div class=\"has-text-align-center-mobile stk-block-content stk-inner-blocks stk-3a43e6b-inner-blocks\">\n<div class=\"wp-block-stackable-heading stk-block-heading stk-block-heading--v2 stk-block stk-7225c59\" id=\"yasal-uyari\" data-block-id=\"7225c59\"><style>.stk-7225c59 {margin-bottom:10px !important;}.stk-7225c59 .stk-block-heading__text{font-size:80px !important;color:#fffffe !important;line-height:1.3em !important;font-weight:800 !important;}@media screen and (max-width:999px){.stk-7225c59 .stk-block-heading__text{font-size:40px !important;}}@media screen and (max-width:689px){.stk-7225c59 .stk-block-heading__text{font-size:40px !important;}}<\/style><h2 class=\"stk-block-heading__text has-text-color has-text-align-left\">Legal Disclaimer<\/h2><\/div>\n<\/div><\/div><\/div>\n\n\n\n<div class=\"wp-block-stackable-column stk-block-column stk-column stk-block stk-0e2597c\" data-v=\"4\" data-block-id=\"0e2597c\"><style>.stk-0e2597c-container{margin-top:0px !important;margin-right:0px !important;margin-bottom:0px !important;margin-left:0px !important;}@media screen and (min-width:690px){.stk-0e2597c {flex:var(--stk-flex-grow, 1) 1 calc(50% - var(--stk-column-gap, 0px) * 1 \/ 2 ) !important;}}@media screen and (min-width:690px) and (max-width:999px){.stk-0e2597c {flex:var(--stk-flex-grow, 1) 1 calc(45% - var(--stk-column-gap, 0px) * 1 \/ 2 ) !important;}}<\/style><div class=\"stk-column-wrapper stk-block-column__content stk-container stk-0e2597c-container stk--no-background stk--no-padding\"><div class=\"stk-block-content stk-inner-blocks stk-0e2597c-inner-blocks\"><\/div><\/div><\/div>\n<\/div><\/div>\n\n\n\n<div class=\"wp-block-stackable-spacer stk-block-spacer stk--no-padding stk-block stk-b2c1613\" data-block-id=\"b2c1613\"><style>.stk-b2c1613 {height:90px !important;}@media screen and (max-width:999px){.stk-b2c1613 {height:70px !important;}}@media screen and (max-width:689px){.stk-b2c1613 {height:40px !important;}}<\/style><\/div>\n\n\n\n<div class=\"wp-block-stackable-feature stk-block-feature stk-block stk-e8a7e9b stk-block-background is-style-default\" data-v=\"2\" data-block-id=\"e8a7e9b\"><style>.stk-e8a7e9b {--stk-feature-flex-wrap:nowrap !important;background-color:#fdfdfc !important;border-top-left-radius:10px !important;border-top-right-radius:10px !important;border-bottom-right-radius:10px !important;border-bottom-left-radius:10px !important;overflow:hidden !important;padding-top:var(u002du002dstku002du002dpresetu002du002dspacingu002du002d80, 5.06rem) !important;padding-right:var(u002du002dstku002du002dpresetu002du002dspacingu002du002d80, 5.06rem) !important;padding-bottom:var(u002du002dstku002du002dpresetu002du002dspacingu002du002d80, 5.06rem) !important;padding-left:var(u002du002dstku002du002dpresetu002du002dspacingu002du002d80, 5.06rem) !important;margin-bottom:110px !important;}.stk-e8a7e9b:before{background-color:#fdfdfc !important;}@media screen and (max-width:689px){.stk-e8a7e9b {padding-top:40px !important;padding-right:20px !important;padding-bottom:40px !important;padding-left:20px !important;margin-bottom:40px !important;}.stk-e8a7e9b-column{--stk-columns-spacing:var(u002du002dstku002du002dpresetu002du002dspacingu002du002dnone, 0px) !important;}}<\/style><div class=\"stk-content-align stk-e8a7e9b-column stk-container stk-e8a7e9b-container stk--no-background stk--no-padding\"><div class=\"stk-inner-blocks stk-block-content stk-row\">\n<div class=\"wp-block-stackable-column stk-block-column stk-column stk-block stk-c3f2016\" data-v=\"4\" data-block-id=\"c3f2016\"><style>.stk-c3f2016-container{margin-left:var(u002du002dstku002du002dpresetu002du002dspacingu002du002d80, 5.06rem) !important;}.stk-c3f2016 {align-self:center !important;}@media screen and (min-width:690px){.stk-c3f2016 {flex:var(--stk-flex-grow, 1) 1 calc(90% - var(--stk-column-gap, 0px) * 1 \/ 2 ) !important;}}<\/style><div class=\"stk-column-wrapper stk-block-column__content stk-container stk-c3f2016-container stk--no-background stk--no-padding\"><div class=\"stk-block-content stk-inner-blocks stk-c3f2016-inner-blocks\">\n<div class=\"wp-block-stackable-heading stk-block-heading stk-block-heading--v2 stk-block stk-888fe0b\" id=\"aydinlatma-metni\" data-block-id=\"888fe0b\"><h2 class=\"stk-block-heading__text\">Ayd\u0131nlatma Metni<\/h2><\/div>\n\n\n\n<div class=\"wp-block-stackable-text stk-block-text stk-block stk-4a6bd05\" data-block-id=\"4a6bd05\"><p class=\"stk-block-text__text\">Bu internet sitesinde yer alan t\u00fcm bilgiler yaln\u0131zca genel bilgilendirme amac\u0131 ta\u015f\u0131maktad\u0131r. \u0130\u00e7erikler hi\u00e7bir \u015fekilde hukuki dan\u0131\u015fmanl\u0131k hizmeti niteli\u011finde de\u011fildir ve avukat-m\u00fcvekkil ili\u015fkisi kurulmas\u0131na yol a\u00e7maz.<br><br>Her ne kadar i\u00e7eriklerin g\u00fcncel ve do\u011fru olmas\u0131 i\u00e7in \u00f6zen g\u00f6sterilse de, mevzuat de\u011fi\u015fiklikleri ve uygulamadaki farkl\u0131l\u0131klar nedeniyle bilgilerin g\u00fcncelli\u011fi her zaman garanti edilememektedir. Bu nedenle, sitede yer alan bilgilere dayanarak i\u015flem yap\u0131lmadan \u00f6nce profesyonel hukuki dan\u0131\u015fmanl\u0131k al\u0131nmas\u0131 \u00f6nerilir.<br><br><a href=\"https:\/\/altinova.av.tr\/en\/6nova-hakkimizda\/\" data-type=\"page\" data-id=\"607\">6NOVA Law Firm<\/a>, site i\u00e7eri\u011finde yer alan bilgilerin kullan\u0131m\u0131ndan do\u011fabilecek do\u011frudan veya dolayl\u0131 zararlardan sorumlu de\u011fildir.<br><br>Bu internet sitesi, <a href=\"https:\/\/d.barobirlik.org.tr\/mevzuat\/avukata_ozel\/meslek_kurallari\/tbb_meslek_kurallari-2024.pdf\" data-type=\"link\" data-id=\"https:\/\/d.barobirlik.org.tr\/mevzuat\/avukata_ozel\/meslek_kurallari\/tbb_meslek_kurallari-2024.pdf\" target=\"_blank\" rel=\"noopener\">T\u00fcrkiye Barolar Birli\u011fi meslek kurallar\u0131<\/a> ve reklam yasa\u011f\u0131na ili\u015fkin d\u00fczenlemelere uygun olarak haz\u0131rlanm\u0131\u015ft\u0131r.<\/p><\/div>\n\n\n\n<h2 class=\"wp-block-heading\">Ki\u015fisel Verilerin Korunmas\u0131na \u0130li\u015fkin Ayd\u0131nlatma<\/h2>\n\n\n\n<p>6698 say\u0131l\u0131 Ki\u015fisel Verilerin Korunmas\u0131 Kanunu (\u201c<a href=\"https:\/\/www.mevzuat.gov.tr\/MevzuatMetin\/1.5.6698.pdf\" target=\"_blank\" rel=\"noopener\">KVKK<\/a>\u201d) uyar\u0131nca, 6NOVA Avukatl\u0131k B\u00fcrosu veri sorumlusu s\u0131fat\u0131yla ki\u015fisel verilerinizi a\u015fa\u011f\u0131daki \u00e7er\u00e7evede i\u015flemektedir.<br><br>Toplanan veriler; kimlik ve ileti\u015fim bilgileri, i\u015flem g\u00fcvenli\u011fi verileri ve taraf\u0131n\u0131zca sa\u011flanan di\u011fer bilgilerle s\u0131n\u0131rl\u0131d\u0131r.<br><br>Ki\u015fisel verileriniz;<br>&#8211; Hukuki dan\u0131\u015fmanl\u0131k hizmetlerinin sunulmas\u0131,<br>&#8211; \u0130leti\u015fim s\u00fcre\u00e7lerinin y\u00fcr\u00fct\u00fclmesi,<br>&#8211; Yasal y\u00fck\u00fcml\u00fcl\u00fcklerin yerine getirilmesi,<br>&#8211; Site g\u00fcvenli\u011finin sa\u011flanmas\u0131<br>ama\u00e7lar\u0131yla i\u015flenmektedir.<br><br>Verileriniz, a\u00e7\u0131k r\u0131zan\u0131z veya kanuni zorunluluklar bulunmad\u0131k\u00e7a \u00fc\u00e7\u00fcnc\u00fc ki\u015filerle payla\u015f\u0131lmaz.<br><br>KVKK\u2019n\u0131n 11. maddesi kapsam\u0131nda;<br>&#8211; Ki\u015fisel verilerinizin i\u015flenip i\u015flenmedi\u011fini \u00f6\u011frenme<br>&#8211; \u0130\u015flenmi\u015fse bilgi talep etme<br>&#8211; D\u00fczeltme veya silme talebinde bulunma<br>&#8211; \u0130\u015flemeye itiraz etme<br>haklar\u0131na sahipsiniz.<br><br>Bu haklar\u0131n\u0131za ili\u015fkin taleplerinizi bizimle ileti\u015fime ge\u00e7erek iletebilirsiniz.<\/p>\n\n\n\n<hr class=\"wp-block-separator has-alpha-channel-opacity\"\/>\n\n\n\n<p><strong>F\u0130KR\u0130 M\u00dcLK\u0130YET<br><\/strong>Bu internet sitesinde yer alan t\u00fcm i\u00e7erik, yaz\u0131, g\u00f6rsel ve materyaller 6NOVA Avukatl\u0131k B\u00fcrosu\u2019na aittir. \u0130zinsiz kullan\u0131m\u0131, kopyalanmas\u0131 veya \u00e7o\u011falt\u0131lmas\u0131 yasakt\u0131r.<\/p>\n\n\n\n<h4 class=\"wp-block-heading has-small-font-size\"><strong>\u00d6ZEL NOT<\/strong><br><em><strong>Bu sitede yay\u0131mlanan t\u00fcm makaleler ve i\u00e7erikler, merhum Ya\u015far Alt\u0131nova ad\u0131na sadaka-i cariye niyetiyle payla\u015f\u0131lm\u0131\u015f olup, kamuya a\u00e7\u0131k ve \u00fccretsiz olarak sunulmaktad\u0131r.<\/strong><\/em><\/h4>\n\n\n\n<hr class=\"wp-block-separator has-alpha-channel-opacity\"\/>\n\n\n\n<p class=\"has-small-font-size\"><strong>\u0130LET\u0130\u015e\u0130M<\/strong><br>Her t\u00fcrl\u00fc soru ve talepleriniz i\u00e7in bizimle ileti\u015fime ge\u00e7ebilirsiniz.<\/p>\n\n\n\n<p><strong>6NOVA Law Firm<\/strong><\/p>\n\n\n\n<div class=\"wp-block-stackable-spacer stk-block-spacer stk--no-padding stk-block stk-9811057\" data-block-id=\"9811057\"><style>.stk-9811057 {height:0px !important;}@media screen and (max-width:689px){.stk-9811057 {height:0px !important;}}<\/style><\/div>\n\n\n\n<div class=\"wp-block-stackable-image stk-block-image has-text-align-left stk-block stk-92e68b4\" data-block-id=\"92e68b4\"><style>.stk-92e68b4 .stk-img-wrapper{width:16% !important;height:43px !important;}@media screen and (max-width:689px){.stk-92e68b4 .stk-img-wrapper{width:50% !important;height:46px !important;}}<\/style><figure><span class=\"stk-img-wrapper stk-image--shape-stretch\"><img loading=\"lazy\" decoding=\"async\" class=\"stk-img wp-image-706\" src=\"https:\/\/altinova.av.tr\/wp-content\/uploads\/2026\/02\/LOGO-scaled.png\" width=\"2560\" height=\"795\" alt=\"\u00c7erez Politikas\u0131 | 6NOVA Avukatl\u0131k B\u00fcrosu\" srcset=\"https:\/\/altinova.av.tr\/wp-content\/uploads\/2026\/02\/LOGO-scaled.png 2560w, https:\/\/altinova.av.tr\/wp-content\/uploads\/2026\/02\/LOGO-300x93.png 300w, https:\/\/altinova.av.tr\/wp-content\/uploads\/2026\/02\/LOGO-1024x318.png 1024w, https:\/\/altinova.av.tr\/wp-content\/uploads\/2026\/02\/LOGO-768x239.png 768w, https:\/\/altinova.av.tr\/wp-content\/uploads\/2026\/02\/LOGO-1536x477.png 1536w, https:\/\/altinova.av.tr\/wp-content\/uploads\/2026\/02\/LOGO-2048x636.png 2048w\" sizes=\"auto, (max-width: 2560px) 100vw, 2560px\" \/><\/span><\/figure><\/div>\n<\/div><\/div><\/div>\n\n\n<\/div><\/div><\/div>\n\n\n\n<div class=\"wp-block-stackable-columns alignfull stk-block-columns stk-block stk-80ce3af stk-block-background stk--has-background-overlay\" data-block-id=\"80ce3af\"><style>.stk-80ce3af {background-color:transparent !important;margin-bottom:0px !important;}.stk-80ce3af:before{background-image:linear-gradient(0deg,rgb(17,24,39) 71%,rgba(242,244,245,0) 71%) !important;}.stk-80ce3af > .stk-separator__bottom svg{fill:#102136 !important;}.stk-80ce3af > .stk-separator__bottom .stk-separator__wrapper{transform:scaleX(4) !important;height:400px !important;}<\/style><div class=\"stk-row stk-inner-blocks stk-block-content stk-content-align stk-80ce3af-column\">\n<div class=\"wp-block-stackable-column stk-block-column stk-column stk-block stk-6ddbaf2 stk-block-background stk--has-background-overlay\" data-v=\"4\" data-block-id=\"6ddbaf2\"><style>.stk-6ddbaf2-container{margin-top:0px !important;margin-right:0px !important;margin-bottom:0px !important;margin-left:0px !important;}.stk-6ddbaf2 {background-color:var(u002du002dtheme-palette-color-8, #ffffff) !important;background-image:url(https:\/\/altinova.av.tr\/wp-content\/uploads\/2026\/04\/jean-philippe-delberghe-75xPHEQBmvA-unsplash-scaled-e1775035911281.jpg) !important;border-top-left-radius:10px !important;border-top-right-radius:10px !important;border-bottom-right-radius:10px !important;border-bottom-left-radius:10px !important;overflow:hidden !important;padding-top:100px !important;padding-right:300px !important;padding-bottom:100px !important;padding-left:300px !important;}.stk-6ddbaf2:before{background-color:var(u002du002dtheme-palette-color-8, #ffffff) !important;opacity:0.5 !important;}@media screen and (max-width:999px){.stk-6ddbaf2 {padding-top:80px !important;padding-right:150px !important;padding-bottom:80px !important;padding-left:150px !important;}}@media screen and (max-width:689px){.stk-6ddbaf2 {padding-top:30px !important;padding-right:20px !important;padding-bottom:30px !important;padding-left:20px !important;}}<\/style><div class=\"stk-column-wrapper stk-block-column__content stk-container stk-6ddbaf2-container stk--no-background stk--no-padding\"><div class=\"has-text-align-center stk-block-content stk-inner-blocks stk-6ddbaf2-inner-blocks\">\n<div class=\"wp-block-stackable-heading stk-block-heading stk-block-heading--v2 stk-block stk-8054442\" id=\"dogru-hukuki-adimi-br-birlikte-atalim\" data-block-id=\"8054442\"><style>.stk-8054442 {margin-bottom:10px !important;}.stk-8054442 .stk-block-heading__text{color:var(u002du002dtheme-palette-color-4, #111827) !important;font-weight:800 !important;}@media screen and (max-width:689px){.stk-8054442 {margin-bottom:20px !important;}.stk-8054442 .stk-block-heading__text{font-size:25px !important;}}<\/style><h2 class=\"stk-block-heading__text has-text-color stk-block-heading--use-theme-margins\">Let\u2019s take the right legal step together.<br>birlikte atal\u0131m<\/h2><\/div>\n\n\n\n<div class=\"wp-block-stackable-text stk-block-text stk--hide-mobile stk-block stk-7e574b6\" data-block-id=\"7e574b6\"><style>.stk-7e574b6 {margin-bottom:40px !important;}.stk-7e574b6 .stk-block-text__text{color:var(u002du002dtheme-palette-color-4, #111827) !important;}<\/style><p class=\"stk-block-text__text has-text-color\">Her hukuki s\u00fcreci titizlikle analiz eder, riskleri \u00f6nceden belirleyerek size \u00f6zel en do\u011fru stratejiyi olu\u015ftururuz. Dosyalar\u0131n\u0131z kurucu avukat taraf\u0131ndan birebir takip edilir.<\/p><\/div>\n\n\n\n<div class=\"wp-block-stackable-button-group stk-block-button-group stk-block stk-cc4a772\" data-block-id=\"cc4a772\"><div class=\"stk-row stk-inner-blocks stk-block-content stk-button-group\">\n<div class=\"wp-block-stackable-button stk-block-button stk-block stk-f63b751\" data-block-id=\"f63b751\"><style>.stk-f63b751 .stk-button{padding-top:12px !important;padding-right:30px !important;padding-bottom:12px !important;padding-left:30px !important;}<\/style><a class=\"stk-link stk-button stk--hover-effect-darken\" href=\"#\"><span class=\"stk-button__inner-text\">Request Consultation<\/span><\/a><\/div>\n<\/div><\/div>\n<\/div><\/div><\/div>\n<\/div><\/div>","protected":false},"excerpt":{"rendered":"<p>Yasal Uyar\u0131 Ayd\u0131nlatma Metni Bu internet sitesinde yer alan t\u00fcm bilgiler yaln\u0131zca genel bilgilendirme amac\u0131 ta\u015f\u0131maktad\u0131r. \u0130\u00e7erikler hi\u00e7bir \u015fekilde hukuki dan\u0131\u015fmanl\u0131k hizmeti niteli\u011finde de\u011fildir ve avukat-m\u00fcvekkil ili\u015fkisi kurulmas\u0131na yol a\u00e7maz. Her ne kadar i\u00e7eriklerin g\u00fcncel ve do\u011fru olmas\u0131 i\u00e7in \u00f6zen g\u00f6sterilse de, mevzuat de\u011fi\u015fiklikleri ve uygulamadaki farkl\u0131l\u0131klar nedeniyle bilgilerin g\u00fcncelli\u011fi her zaman garanti edilememektedir. Bu [&hellip;]<\/p>\n","protected":false},"author":1,"featured_media":0,"parent":0,"menu_order":0,"comment_status":"closed","ping_status":"closed","template":"","meta":{"footnotes":""},"class_list":["post-2976","page","type-page","status-publish","hentry"],"blocksy_meta":{"page_title_panel":"","has_hero_section":"disabled","fe1c64ab89945cda534f4bb2d579ae1a":"","hero_section":"type-1","hero_elements":[{"id":"custom_title","enabled":true,"heading_tag":"h1","title":"Home"},{"id":"custom_description","enabled":true,"description_visibility":{"desktop":true,"tablet":true,"mobile":false}},{"id":"custom_meta","enabled":false,"meta_elements":[{"id":"author","enabled":true,"label":"By","has_author_avatar":"yes","avatar_size":25},{"id":"post_date","enabled":true,"label":"On","date_format_source":"default","date_format":"M j, Y"},{"id":"updated_date","enabled":false,"label":"On","date_format_source":"default","date_format":"M j, Y"},{"id":"categories","enabled":false,"label":"In","style":"simple"},{"id":"comments","enabled":true}],"page_meta_elements":{"joined":true,"articles_count":true,"comments":true}},{"id":"breadcrumbs","enabled":false}],"433b02732bec8d55ec282f00a9a700eb":"","hero_alignment1":"CT_CSS_SKIP_RULE","hero_margin":40,"hero_alignment2":"center","hero_vertical_alignment":"center","fdbb34d69d6afe2394c07d96c9ea0b60":"","hero_structure":"narrow","cb306aece5e91b9a44875e4a81075440":"","page_title_bg_type":"featured_image","custom_hero_background":{"attachment_id":null},"page_title_image_size":"full","parallax":{"desktop":false,"tablet":false,"mobile":false},"034bc954f3c533bc75ffdf62670c8395":"","hero_height":"250px","pageTitleFont":{"family":"Default","variation":"Default","size":"30px","line-height":"CT_CSS_SKIP_RULE","letter-spacing":"CT_CSS_SKIP_RULE","text-transform":"CT_CSS_SKIP_RULE","text-decoration":"CT_CSS_SKIP_RULE"},"pageTitleFontColor":{"default":{"color":"CT_CSS_SKIP_RULEDEFAULT"}},"pageMetaFont":{"family":"Default","variation":"n6","size":"12px","line-height":"1.3","letter-spacing":"CT_CSS_SKIP_RULE","text-transform":"uppercase","text-decoration":"CT_CSS_SKIP_RULE"},"pageMetaFontColor":{"default":{"color":"CT_CSS_SKIP_RULEDEFAULT"},"hover":{"color":"CT_CSS_SKIP_RULEDEFAULT"}},"page_meta_button_type_font_colors":{"default":{"color":"CT_CSS_SKIP_RULEDEFAULT"},"hover":{"color":"CT_CSS_SKIP_RULEDEFAULT"}},"page_meta_button_type_background_colors":{"default":{"color":"CT_CSS_SKIP_RULEDEFAULT"},"hover":{"color":"CT_CSS_SKIP_RULEDEFAULT"}},"pageExcerptFont":{"family":"Default","variation":"Default","size":"CT_CSS_SKIP_RULE","line-height":"CT_CSS_SKIP_RULE","letter-spacing":"CT_CSS_SKIP_RULE","text-transform":"CT_CSS_SKIP_RULE","text-decoration":"CT_CSS_SKIP_RULE"},"pageExcerptColor":{"default":{"color":"CT_CSS_SKIP_RULEDEFAULT"}},"breadcrumbsFont":{"family":"Default","variation":"Default","size":"CT_CSS_SKIP_RULE","line-height":"CT_CSS_SKIP_RULE","letter-spacing":"CT_CSS_SKIP_RULE","text-transform":"CT_CSS_SKIP_RULE","text-decoration":"CT_CSS_SKIP_RULE"},"breadcrumbsFontColor":{"default":{"color":"CT_CSS_SKIP_RULEDEFAULT"},"initial":{"color":"CT_CSS_SKIP_RULEDEFAULT"},"hover":{"color":"CT_CSS_SKIP_RULEDEFAULT"}},"pageTitleOverlay":{"background_type":"color","background_pattern":"type-1","background_image":{"attachment_id":null,"x":0,"y":0},"gradient":"linear-gradient(135deg,rgba(6,147,227,1) 0%,rgb(155,81,224) 100%)","background_repeat":"repeat","background_size":"auto","background_attachment":"scroll","patternColor":{"default":{"color":"#e5e7ea"}},"overlayColor":{"default":{"color":"CT_CSS_SKIP_RULE"}},"backgroundColor":{"default":{"color":"CT_CSS_SKIP_RULE"}}},"pageTitleBackground":{"background_type":"color","background_pattern":"type-1","background_image":{"attachment_id":null,"x":0,"y":0},"gradient":"linear-gradient(135deg,rgba(6,147,227,1) 0%,rgb(155,81,224) 100%)","background_repeat":"repeat","background_size":"auto","background_attachment":"scroll","patternColor":{"default":{"color":"#e5e7ea"}},"overlayColor":{"default":{"color":"CT_CSS_SKIP_RULE"}},"backgroundColor":{"default":{"color":"var(--theme-palette-color-6)"}}},"pageTitlePadding":{"top":"50px","bottom":"50px","left":"auto","right":"auto","linked":true},"12e455f30de1d15aed0effbbb6f951bf":"","page_structure_type":"default","f474d2f3ad69b4e64f52dac0a3aa2bb2":"","content_style_source":"inherit","content_style":"wide","vertical_spacing_source":"custom","content_area_spacing":"none","background":{"background_type":"color","background_pattern":"type-1","background_image":{"attachment_id":null,"x":0,"y":0},"gradient":"linear-gradient(135deg,rgba(6,147,227,1) 0%,rgb(155,81,224) 100%)","background_repeat":"repeat","background_size":"auto","background_attachment":"scroll","patternColor":{"default":{"color":"#e5e7ea"}},"overlayColor":{"default":{"color":"CT_CSS_SKIP_RULE"}},"backgroundColor":{"default":{"color":"CT_CSS_SKIP_RULE"}}},"content_background":{"background_type":"color","background_pattern":"type-1","background_image":{"attachment_id":null,"x":0,"y":0},"gradient":"linear-gradient(135deg,rgba(6,147,227,1) 0%,rgb(155,81,224) 100%)","background_repeat":"repeat","background_size":"auto","background_attachment":"scroll","patternColor":{"default":{"color":"#e5e7ea"}},"overlayColor":{"default":{"color":"CT_CSS_SKIP_RULE"}},"backgroundColor":{"default":{"color":"var(--theme-palette-color-8)"}}},"content_boxed_shadow":{"inherit":false,"blur":18,"spread":-6,"v_offset":12,"h_offset":0,"inset":false,"enable":true,"color":{"color":"rgba(34, 56, 101, 0.04)"}},"content_boxed_border":{"width":1,"style":"none","color":{"color":"rgba(44,62,80,0.2)"}},"content_boxed_radius":{"top":"3px","bottom":"3px","left":"3px","right":"3px","linked":true},"boxed_content_spacing":{"desktop":{"top":"40px","bottom":"40px","left":"40px","right":"40px","linked":true},"tablet":{"top":"35px","bottom":"35px","left":"35px","right":"35px","linked":true},"mobile":{"top":"20px","bottom":"20px","left":"20px","right":"20px","linked":true}},"fca9f1d1c7aa58a4b21dd78357f6373e":"","disable_featured_image":"no","disable_share_box":"no","disable_header":"no","disable_footer":"no","styles_descriptor":{"styles":{"desktop":"","tablet":"","mobile":""},"google_fonts":[],"version":6}},"_links":{"self":[{"href":"https:\/\/altinova.av.tr\/en\/wp-json\/wp\/v2\/pages\/2976","targetHints":{"allow":["GET"]}}],"collection":[{"href":"https:\/\/altinova.av.tr\/en\/wp-json\/wp\/v2\/pages"}],"about":[{"href":"https:\/\/altinova.av.tr\/en\/wp-json\/wp\/v2\/types\/page"}],"author":[{"embeddable":true,"href":"https:\/\/altinova.av.tr\/en\/wp-json\/wp\/v2\/users\/1"}],"replies":[{"embeddable":true,"href":"https:\/\/altinova.av.tr\/en\/wp-json\/wp\/v2\/comments?post=2976"}],"version-history":[{"count":2,"href":"https:\/\/altinova.av.tr\/en\/wp-json\/wp\/v2\/pages\/2976\/revisions"}],"predecessor-version":[{"id":2979,"href":"https:\/\/altinova.av.tr\/en\/wp-json\/wp\/v2\/pages\/2976\/revisions\/2979"}],"wp:attachment":[{"href":"https:\/\/altinova.av.tr\/en\/wp-json\/wp\/v2\/media?parent=2976"}],"curies":[{"name":"wp","href":"https:\/\/api.w.org\/{rel}","templated":true}]}}